{"id":3366,"date":"2023-07-18T04:41:56","date_gmt":"2023-07-18T04:41:56","guid":{"rendered":"http:\/\/ncchwa.local\/?page_id=3366"},"modified":"2026-04-15T15:12:05","modified_gmt":"2026-04-15T15:12:05","slug":"certification","status":"publish","type":"page","link":"https:\/\/ncchwa.org\/es\/services\/certification\/","title":{"rendered":"Certificaci\u00f3n"},"content":{"rendered":"<h1>\n\t\t\tCertificaciones Promotores de Salud\t<\/h1>\n\t<p>Gracias por su inter\u00e9s en convertirse en un promotores de salud certificado (CCHW) a trav\u00e9s de la Asociaci\u00f3n de Promotores de Salud de Carolina del Norte (NCCHWA).<\/p>\n<h3>\n\t\t\tAcerca de la certificaci\u00f3n de promotores de salud\t<\/h3>\n\n\t<p>In March 2022, the NCCHWA began offering CHWs a path to professional certification through the completion of the Standardized Core Competency Training (SCCT) at several community colleges in North Carolina. To recognize the rich, lived experience and the unique and diverse perspectives from various settings, we now offer additional pathways for certification for CHWs through a Legacy Track and Advanced Levels. These pathways were developed alongside and by CHWs. To become certified as a Community Health Worker, CHWs can now select between these options to ensure they are formally recognized for their invaluable contributions to communities. <\/p>\n\t\t\t<a href=\"#applynow\"  target=\"_self\">\n\t\t\t\t\t\t\tSolicitar ahora\n\t\t\t\t\t<\/a>\n<h2>\n\t\t\tNiveles\t<\/h2>\n\t<p>Gracias por su inter\u00e9s en convertirse en un Trabajador Comunitario de Salud Certificado (CCHW, por sus siglas en ingl\u00e9s) a trav\u00e9s de la Asociaci\u00f3n de Trabajadores Comunitarios de Salud de Carolina del Norte (NCCHWA, por sus siglas en ingl\u00e9s).  Para reconocer la rica experiencia vivida, as\u00ed como las perspectivas \u00fanicas y diversas de varios entornos, ofrecemos niveles de certificaci\u00f3n para promover el avance y las v\u00edas para los TCS en Carolina del Norte. A lo largo de los niveles se integran varios temas comunes que son fundamentales para el trabajo de los TCS: equidad racial y de salud, confianza, salud p\u00fablica y comunitaria y \u00e9tica.\u00a0\u00a0<\/p>\n<p>La elaboraci\u00f3n de los criterios para cada uno de los cuatro niveles de certificaci\u00f3n se bas\u00f3 en la<a href=\"https:\/\/www.c3project.org\/\" target=\"_blank\" rel=\"noopener\"> Proyecto de consenso b\u00e1sico de Promotores de Salud<\/a> (Proyecto C3) y el <a href=\"https:\/\/www.ncdhhs.gov\/nc-chw-standardized-core-competency-training-requirements\/open\" target=\"_blank\" rel=\"noopener\">Formaci\u00f3n estandarizada en competencias b\u00e1sicas<\/a>desarrollado por las Promotores de Salud de Carolina del Norte Jennifer Norville y Erica Hall, ofrecido para las Promotores de Salud de Carolina del Norte. Y lo que es m\u00e1s importante, los Trabajadores Sanitarios Comunitarios de todo el estado desempe\u00f1aron un papel clave al compartir sus perspectivas en sesiones de escucha a trav\u00e9s de las<a href=\"https:\/\/www.ncdhhs.gov\/divisions\/office-rural-health\/community-health-workers\/about-nc-community-health-worker-initiative\" target=\"_blank\" rel=\"noopener\"> Iniciativa de trabajadores sanitarios comunitarios de Carolina del Norte<\/a>.  Las competencias b\u00e1sicas se cruzaron a lo largo del Modelo Ecol\u00f3gico Social <a href=\"https:\/\/www.cdc.gov\/violenceprevention\/about\/social-ecologicalmodel.html\" target=\"_blank\" rel=\"noopener\">(SEM)<\/a> con el objetivo de exponer las formas hol\u00edsticas en que los trabajadores sanitarios comunitarios contribuyen a mejorar la equidad sanitaria, la eficacia en la prestaci\u00f3n de servicios y la mejora general de los sistemas sanitarios y la salud de la sociedad. El documento fue elaborado y redactado por Rumana Shams Rabbani y Abdul Hafeedh bin Abdullah con Community Healing through Activism and Strategic Mobilization. <a href=\"https:\/\/chasmnetwork.org\/\">(CHASM).<\/a>\u00a0\u00a0<\/p>\n<p>Community Health Workers can apply for any level for which they may meet the criteria and do not have to go through the levels in order. Eligibility for each track is determined by a combination of skills, training, and actual lived experience. <\/p>\n<figure itemscope itemtype=\"https:\/\/schema.org\/ImageObject\">\n\t\t\t\t<img decoding=\"async\" src=\"https:\/\/ncchwa.org\/wp-content\/uploads\/2023\/09\/Group-2043.png\" alt=\"Group 2043\" height=\"795\" width=\"728\" title=\"Grupo 2043\" onerror=\"this.style.display='none'\" loading=\"lazy\" \/>\n\t<\/figure>\n\t\t\t\t<table>\n\t\t\t\t\t<thead>\n\t\t\t\t\t\t\t\t\t\t\t\t\t\t<tr>\n\t\t\t\t\t\t\t\t\t\t\t\t\t\t\t<th rowspan=\"\" colspan=\"2\">\n\t\t\t\t\t\t\t\t\t\t Nivel \n\t\t\t\t\t\t\t\t\t\t\t\t\t\t\t\t\t<\/th>\n\t\t\t\t\t\t\t\t\t\t\t\t\t\t<th rowspan=\"\" colspan=\"\">\n\t\t\t\t\t\t\t\t\t\t\t\t\t\t\t\t\t<label>\n\t\t\t\t\t\t\t\t\t\t<\/label><label> Se requiere experiencia en SEM  <\/label>\n\t\t\t\t\t\t\t\t\t\n\t\t\t\t\t\t\t\t\t\t\t\t\t\t\t\t\t<\/th>\n\t\t\t\t\t\t\t\t\t\t\t\t\t\t<th rowspan=\"\" colspan=\"\">\n\t\t\t\t\t\t\t\t\t\t\t\t\t\t\t\t\t<label>\n\t\t\t\t\t\t\t\t\t\t<\/label><label> Experiencia profesional\/ Verificaci\u00f3n de la experiencia  <\/label>\n\t\t\t\t\t\t\t\t\t\n\t\t\t\t\t\t\t\t\t\t\t\t\t\t\t\t\t<\/th>\n\t\t\t\t\t\t\t\t\t\t\t\t\t\t<th rowspan=\"\" colspan=\"\">\n\t\t\t\t\t\t\t\t\t\t\t\t\t\t\t\t\t<label>\n\t\t\t\t\t\t\t\t\t\t<\/label><label> Experiencia vivida <\/label>\n\t\t\t\t\t\t\t\t\t\n\t\t\t\t\t\t\t\t\t\t\t\t\t\t\t\t\t<\/th>\n\t\t\t\t\t\t\t\t\t\t\t\t\t\t<th rowspan=\"\" colspan=\"\">\n\t\t\t\t\t\t\t\t\t\t\t\t\t\t\t\t\t<label>\n\t\t\t\t\t\t\t\t\t\t<\/label><label> Tiempo estimado para completar la solicitud <\/label>\n\t\t\t\t\t\t\t\t\t\n\t\t\t\t\t\t\t\t\t\t\t\t\t\t\t\t\t<\/th>\n\t\t\t\t\t\t\t\t\t\t\t<\/tr><\/thead>\n\t\t\t\t\t<tbody>\n\t\t\t\t\t\t\t\t\t\t\t\t\t\t\t\t<td colspan=\"1\" rowspan=\"2\">\n\t\t\t\t\t\t\t\t\t\t\t\t\t\t\t <strong>Promotor de Salud I Nivel (2 opciones para la Certificaci\u00f3n)<\/strong> \n\t\t\t\t\t\t\t\t\t\t\t\t\t\t\t\t\t\t\t\t\t\t\t\t<\/td>\n\t\t\t\t\t\t\t\t\t\t\t\t\t\t\t\t<td colspan=\"\" rowspan=\"\">\n\t\t\t\t\t\t\t\t\t\t\t\t\t\t\t <strong>Promotor de Salud I SCCT Track<\/strong> \n\t\t\t\t\t\t\t\t\t\t\t\t\t\t\t\t\t\t\t\t\t\t\t\t<\/td>\n\t\t\t\t\t\t\t\t\t\t\t\t\t\t\t\t<td colspan=\"\" rowspan=\"\">\n\t\t\t\t\t\t\t\t\t\t\t\t\t\t\t\t\t\t\t\t\t\t\t Individual\/ Interpersonal \n\t\t\t\t\t\t\t\t\t\t\t\t\t\t\t\t\t\t\t\t\t\t\t<\/td>\n\t\t\t\t\t\t\t\t\t\t\t\t\t\t\t\t<td colspan=\"\" rowspan=\"\">\n\t\t\t\t\t\t\t\t\t\t\t\t\t\t\t\t\t\t\t\t\t\t\t Completion of SCCT coursework with 80% or higher within the past year of date of application \n\t\t\t\t\t\t\t\t\t\t\t\t\t\t\t\t\t\t\t\t\t\t\t<\/td>\n\t\t\t\t\t\t\t\t\t\t\t\t\t\t\t\t<td colspan=\"\" rowspan=\"\">\n\t\t\t\t\t\t\t\t\t\t\t\t\t\t\t\t\t\t\t\t\t\t\t Experiencia y conocimiento de al menos 1 grupo de poblaci\u00f3n \n\t\t\t\t\t\t\t\t\t\t\t\t\t\t\t\t\t\t\t\t\t\t\t<\/td>\n\t\t\t\t\t\t\t\t\t\t\t\t\t\t\t\t<td colspan=\"\" rowspan=\"\">\n\t\t\t\t\t\t\t\t\t\t\t\t\t\t\t\t\t\t\t\t\t\t\t 60 minutos \n\t\t\t\t\t\t\t\t\t\t\t\t\t\t\t\t\t\t\t\t\t\t\t<\/td>\n\t\t\t\t\t\t\t\t\t\t\t\t\t\t\t<tr>\n\t\t\t\t\t\t\t\t\t\t\t\t\t\t\t\t\t\t\t\t<td colspan=\"\" rowspan=\"\">\n\t\t\t\t\t\t\t\t\t\t\t\t\t\t\t <strong>Promotor de Salud I Legacy Track<\/strong> \n\t\t\t\t\t\t\t\t\t\t\t\t\t\t\t\t\t\t\t\t\t\t\t\t<\/td>\n\t\t\t\t\t\t\t\t\t\t\t\t\t\t\t\t<td colspan=\"\" rowspan=\"\">\n\t\t\t\t\t\t\t\t\t\t\t\t\t\t\t\t\t\t\t\t\t\t\t Individual\/ Interpersonal \n\t\t\t\t\t\t\t\t\t\t\t\t\t\t\t\t\t\t\t\t\t\t\t<\/td>\n\t\t\t\t\t\t\t\t\t\t\t\t\t\t\t\t<td colspan=\"\" rowspan=\"\">\n\t\t\t\t\t\t\t\t\t\t\t\t\t\t\t\t\t\t\t\t\t\t\t Al menos 2000 horas de experiencia que demuestren 9 competencias \n\t\t\t\t\t\t\t\t\t\t\t\t\t\t\t\t\t\t\t\t\t\t\t<\/td>\n\t\t\t\t\t\t\t\t\t\t\t\t\t\t\t\t<td colspan=\"\" rowspan=\"\">\n\t\t\t\t\t\t\t\t\t\t\t\t\t\t\t\t\t\t\t\t\t\t\t Experiencia y conocimiento de al menos 1 grupo de poblaci\u00f3n \n\t\t\t\t\t\t\t\t\t\t\t\t\t\t\t\t\t\t\t\t\t\t\t<\/td>\n\t\t\t\t\t\t\t\t\t\t\t\t\t\t\t\t<td colspan=\"\" rowspan=\"\">\n\t\t\t\t\t\t\t\t\t\t\t\t\t\t\t\t\t\t\t\t\t\t\t 60 minutos \n\t\t\t\t\t\t\t\t\t\t\t\t\t\t\t\t\t\t\t\t\t\t\t<\/td>\n\t\t\t\t\t\t\t\t\t\t\t\t\t\t\t<\/tr><tr>\n\t\t\t\t\t\t\t\t\t\t\t\t\t\t\t\t\t\t\t\t<td colspan=\"2\" rowspan=\"\">\n\t\t\t\t\t\t\t\t\t\t\t\t\t\t\t <strong>Promotor de Salud II Nivel<\/strong> \n\t\t\t\t\t\t\t\t\t\t\t\t\t\t\t\t\t\t\t\t\t\t\t\t<\/td>\n\t\t\t\t\t\t\t\t\t\t\t\t\t\t\t\t<td colspan=\"\" rowspan=\"\">\n\t\t\t\t\t\t\t\t\t\t\t\t\t\t\t\t\t\t\t\t\t\t\t Individual\/ Interpersonal\/ Organizativo \n\t\t\t\t\t\t\t\t\t\t\t\t\t\t\t\t\t\t\t\t\t\t\t<\/td>\n\t\t\t\t\t\t\t\t\t\t\t\t\t\t\t\t<td colspan=\"\" rowspan=\"\">\n\t\t\t\t\t\t\t\t\t\t\t\t\t\t\t\t\t\t\t\t\t\t\t Al menos 2000-4000 horas de experiencia que demuestren 9 competencias + curriculum vitae \n\t\t\t\t\t\t\t\t\t\t\t\t\t\t\t\t\t\t\t\t\t\t\t<\/td>\n\t\t\t\t\t\t\t\t\t\t\t\t\t\t\t\t<td colspan=\"\" rowspan=\"\">\n\t\t\t\t\t\t\t\t\t\t\t\t\t\t\t\t\t\t\t\t\t\t\t Experiencia y conocimiento de al menos 3-5 grupos de poblaci\u00f3n \n\t\t\t\t\t\t\t\t\t\t\t\t\t\t\t\t\t\t\t\t\t\t\t<\/td>\n\t\t\t\t\t\t\t\t\t\t\t\t\t\t\t\t<td colspan=\"\" rowspan=\"\">\n\t\t\t\t\t\t\t\t\t\t\t\t\t\t\t\t\t\t\t\t\t\t\t 120 minutos \n\t\t\t\t\t\t\t\t\t\t\t\t\t\t\t\t\t\t\t\t\t\t\t<\/td>\n\t\t\t\t\t\t\t\t\t\t\t\t\t\t\t<\/tr><tr>\n\t\t\t\t\t\t\t\t\t\t\t\t\t\t\t\t\t\t\t\t<td colspan=\"2\" rowspan=\"\">\n\t\t\t\t\t\t\t\t\t\t\t\t\t\t\t <strong>Promotor de Salud III Nivel<\/strong> \n\t\t\t\t\t\t\t\t\t\t\t\t\t\t\t\t\t\t\t\t\t\t\t\t<\/td>\n\t\t\t\t\t\t\t\t\t\t\t\t\t\t\t\t<td colspan=\"\" rowspan=\"\">\n\t\t\t\t\t\t\t\t\t\t\t\t\t\t\t\t\t\t\t\t\t\t\t Individual\/ Interpersonal\/ Organizativo\/Comunitario \n\t\t\t\t\t\t\t\t\t\t\t\t\t\t\t\t\t\t\t\t\t\t\t<\/td>\n\t\t\t\t\t\t\t\t\t\t\t\t\t\t\t\t<td colspan=\"\" rowspan=\"\">\n\t\t\t\t\t\t\t\t\t\t\t\t\t\t\t\t\t\t\t\t\t\t\t Al menos 2000-4000 horas de experiencia que demuestren 9 competencias + curriculum vitae \n\t\t\t\t\t\t\t\t\t\t\t\t\t\t\t\t\t\t\t\t\t\t\t<\/td>\n\t\t\t\t\t\t\t\t\t\t\t\t\t\t\t\t<td colspan=\"\" rowspan=\"\">\n\t\t\t\t\t\t\t\t\t\t\t\t\t\t\t\t\t\t\t\t\t\t\t Experiencia y conocimiento de 5 o m\u00e1s grupos de poblaci\u00f3n \n\t\t\t\t\t\t\t\t\t\t\t\t\t\t\t\t\t\t\t\t\t\t\t<\/td>\n\t\t\t\t\t\t\t\t\t\t\t\t\t\t\t\t<td colspan=\"\" rowspan=\"\">\n\t\t\t\t\t\t\t\t\t\t\t\t\t\t\t\t\t\t\t\t\t\t\t 180 minutos \n\t\t\t\t\t\t\t\t\t\t\t\t\t\t\t\t\t\t\t\t\t\t\t<\/td>\n\t\t\t\t\t\t\t\t\t\t\t\t\t\t\t<\/tr><tr>\n\t\t\t\t\t\t\t\t\t\t\t\t\t\t\t\t\t\t\t\t<td colspan=\"2\" rowspan=\"\">\n\t\t\t\t\t\t\t\t\t\t\t\t\t\t\t <strong>Promotor de Salud IV Nivel<\/strong> \n\t\t\t\t\t\t\t\t\t\t\t\t\t\t\t\t\t\t\t\t\t\t\t\t<\/td>\n\t\t\t\t\t\t\t\t\t\t\t\t\t\t\t\t<td colspan=\"\" rowspan=\"\">\n\t\t\t\t\t\t\t\t\t\t\t\t\t\t\t\t\t\t\t\t\t\t\t Individual\/ Interpersonal\/ Organizativa\/ Comunitaria\/ Pol\u00edtica \n\t\t\t\t\t\t\t\t\t\t\t\t\t\t\t\t\t\t\t\t\t\t\t<\/td>\n\t\t\t\t\t\t\t\t\t\t\t\t\t\t\t\t<td colspan=\"\" rowspan=\"\">\n\t\t\t\t\t\t\t\t\t\t\t\t\t\t\t\t\t\t\t\t\t\t\t Al menos 4000 horas de experiencia que demuestren 9 competencias + curriculum vitae \n\t\t\t\t\t\t\t\t\t\t\t\t\t\t\t\t\t\t\t\t\t\t\t<\/td>\n\t\t\t\t\t\t\t\t\t\t\t\t\t\t\t\t<td colspan=\"\" rowspan=\"\">\n\t\t\t\t\t\t\t\t\t\t\t\t\t\t\t\t\t\t\t\t\t\t\t Experiencia y conocimiento de 5 o m\u00e1s grupos de poblaci\u00f3n \n\t\t\t\t\t\t\t\t\t\t\t\t\t\t\t\t\t\t\t\t\t\t\t<\/td>\n\t\t\t\t\t\t\t\t\t\t\t\t\t\t\t\t<td colspan=\"\" rowspan=\"\">\n\t\t\t\t\t\t\t\t\t\t\t\t\t\t\t\t\t\t\t\t\t\t\t 240 minutos \n\t\t\t\t\t\t\t\t\t\t\t\t\t\t\t\t\t\t\t\t\t\t\t<\/td>\n\t\t\t\t\t\t\t\t\t\t\t<\/tr><\/tbody>\n\t\t\t\t<\/table>\n\t<h4>\n\t\t\tDefiniciones\t<\/h4>\n\t<p><b>Grupo de poblaci\u00f3n: <\/b>Population groups include but are not limited to geographic areas, communities of color, persons with disabilities, persons with substance use disorder (opioids), homeless persons, persons with disabilities, immigrant\/refugees, older adults, persons at risk of or living with HIV\/AIDS, adolescents, infants\/children, pregnant women, migrant workers, LGBTQ+ persons, formerly incarcerated individuals, domestic and sexual violence survivors and persons with mental illness.<\/p>\n\t<p><b>Experiencia vivida: <\/b>Esta experiencia vivida que se comparte con la comunidad a la que se presta servicio es la piedra angular de la profesi\u00f3n de TCS y es \u00fanica entre las profesiones sanitarias. La experiencia vivida se define como <i>el conocimiento personal del mundo adquirido a trav\u00e9s de la participaci\u00f3n directa y de primera mano en los acontecimientos cotidianos, m\u00e1s que a trav\u00e9s de representaciones construidas por otras personas.<\/i> <i>It is also defined as the experiences of people on whom a social issue or combination of issues has had a direct impact.<\/i><\/p>\n<h2>\n\t\t\tPasos para la certificaci\u00f3n\t<\/h2>\n<figure itemscope itemtype=\"https:\/\/schema.org\/ImageObject\">\n\t\t\t\t<img decoding=\"async\" src=\"https:\/\/ncchwa.org\/wp-content\/uploads\/2023\/09\/1.png\" alt=\"1\" height=\"306\" width=\"312\" title=\"1\" onerror=\"this.style.display='none'\" loading=\"lazy\" \/>\n\t<\/figure>\n\t<p>Rellene la solicitud con los datos requeridos <a href=\"https:\/\/acrobat.adobe.com\/id\/urn:aaid:sc:VA6C2:bbea1f89-155c-49ee-b37d-228ac5df8943\" target=\"_blank\" rel=\"noopener\">Formularios de verificaci\u00f3n de la experiencia<\/a> (no exigido para SCCT).<\/p>\n<figure itemscope itemtype=\"https:\/\/schema.org\/ImageObject\">\n\t\t\t\t<img decoding=\"async\" src=\"https:\/\/ncchwa.org\/wp-content\/uploads\/2023\/09\/2.png\" alt=\"2\" height=\"306\" width=\"312\" title=\"2\" onerror=\"this.style.display='none'\" loading=\"lazy\" \/>\n\t<\/figure>\n\t<p>Reciba un correo electr\u00f3nico con los siguientes pasos en un plazo de 10 d\u00edas a partir de la presentaci\u00f3n de la solicitud.\u00a0<\/p>\n<figure itemscope itemtype=\"https:\/\/schema.org\/ImageObject\">\n\t\t\t\t<img decoding=\"async\" src=\"https:\/\/ncchwa.org\/wp-content\/uploads\/2023\/09\/3.png\" alt=\"3\" height=\"306\" width=\"312\" title=\"3\" onerror=\"this.style.display='none'\" loading=\"lazy\" \/>\n\t<\/figure>\n\t<p>El Consejo de Acreditaci\u00f3n revisar\u00e1 las solicitudes mensualmente.\u00a0\u00a0\u00a0\u00a0<\/p>\n\t<p><b data-path-to-node=\"2\" data-index-in-node=\"0\">Application Fee:<\/b> $50 (non-refundable), due at the time of application.<\/p>\n<p><b data-path-to-node=\"2\" data-index-in-node=\"71\">Financial Aid:<\/b> Assistance is available. Contact <b data-path-to-node=\"2\" data-index-in-node=\"119\">info@ncchwa.org<\/b> for more information before applying.<\/p>\n<p><b data-path-to-node=\"2\" data-index-in-node=\"157\">Timeline:<\/b> Please allow <b data-path-to-node=\"2\" data-index-in-node=\"180\">6-8 weeks<\/b> for processing and approval.<\/p>\n<p><b data-path-to-node=\"2\" data-index-in-node=\"219\">Support:<\/b> Have questions? Reach out to us at <b data-path-to-node=\"2\" data-index-in-node=\"263\">info@ncchwa.org<\/b> or <b data-path-to-node=\"2\" data-index-in-node=\"282\">704-251-5013<\/b>.<\/p>\n<h2>\n\t\t\tSolicitar ahora\t<\/h2>\n\t\t\t<a href=\"https:\/\/ncchwa.memberclicks.net\/scctapplication\"  target=\"_blank\" rel=\"noopener\">\n\t\t\t\t\t\t\tPromotor de Salud I, SCCT\n\t\t\t\t\t<\/a>\n\t\t\t<a href=\"https:\/\/ncchwa.memberclicks.net\/legacytrackapplication\"  target=\"_blank\" rel=\"noopener\">\n\t\t\t\t\t\t\tSolicitar Promotor de Salud I, Legacy Track\n\t\t\t\t\t<\/a>\n\t\t\t<a href=\"https:\/\/ncchwa.memberclicks.net\/advancedlevels#!\/\"  target=\"_blank\" rel=\"noopener\">\n\t\t\t\t\t\t\tSolicitar un nivel avanzado\n\t\t\t\t\t<\/a>\n<h3>\n\t\t\tRecertificaci\u00f3n\t<\/h3>\n\t<p>La recertificaci\u00f3n requiere la realizaci\u00f3n de un m\u00ednimo de 24 horas de horas de contacto cada 3 a\u00f1os.<\/p>\n<p>Para obtener m\u00e1s informaci\u00f3n sobre c\u00f3mo prepararse para la certificaci\u00f3n y la recertificaci\u00f3n, visite nuestra p\u00e1gina Formaci\u00f3n y recursos o p\u00f3ngase en contacto con nosotros directamente si tiene alguna pregunta.<\/p>\n<p>&nbsp;<\/p>\n\t\t\t<a href=\"https:\/\/ncchwa.org\/es\/recertification\/\"  target=\"_self\">\n\t\t\t\t\t\t\tM\u00e1s informaci\u00f3n\n\t\t\t\t\t<\/a>\n<h3>\n\t\t\tAyuda con la solicitud\t<\/h3>\n\t<p>Se anima a los solicitantes a ponerse en contacto con el equipo de la NCCHWA para obtener ayuda con las solicitudes. Hay personal que habla espa\u00f1ol y hmong disponible para ayudar a los solicitantes. Otros idiomas y modos de presentaci\u00f3n (como una entrevista) pueden estar disponibles bajo petici\u00f3n.<\/p>\n<p>&nbsp;<\/p>\n\t\t\t<a href=\"https:\/\/ncchwa.org\/es\/contact\/\"  target=\"_self\">\n\t\t\t\t\t\t\tP\u00f3ngase en contacto con nosotros\n\t\t\t\t\t<\/a>","protected":false},"excerpt":{"rendered":"<p>Certificaciones de CHW Gracias por su inter\u00e9s en convertirse en un Trabajador Comunitario de Salud Certificado (CCHW, por sus siglas en ingl\u00e9s) a trav\u00e9s de la Asociaci\u00f3n de Trabajadores Comunitarios de Salud de Carolina del Norte (NCCHWA, por sus siglas en ingl\u00e9s). Acerca de la Certificaci\u00f3n de Trabajadora de Salud Comunitaria En marzo de 2022, la NCCHWA comenz\u00f3 a ofrecer a las CHW un camino hacia la certificaci\u00f3n profesional a trav\u00e9s de la finalizaci\u00f3n de la Capacitaci\u00f3n en Competencias B\u00e1sicas Estandarizadas (SCCT) en varias...<\/p>","protected":false},"author":3,"featured_media":0,"parent":3364,"menu_order":0,"comment_status":"closed","ping_status":"closed","template":"","meta":{"footnotes":""},"class_list":["post-3366","page","type-page","status-publish","hentry"],"yoast_head":"<!-- This site is optimized with the Yoast SEO plugin v27.4 - https:\/\/yoast.com\/product\/yoast-seo-wordpress\/ -->\n<title>Certification - NCCHWA - North Carolina Community Health Worker Association<\/title>\n<meta name=\"robots\" content=\"index, follow, max-snippet:-1, max-image-preview:large, max-video-preview:-1\" \/>\n<link rel=\"canonical\" href=\"https:\/\/ncchwa.org\/es\/services\/certification\/\" \/>\n<meta property=\"og:locale\" content=\"es_MX\" \/>\n<meta property=\"og:type\" content=\"article\" \/>\n<meta property=\"og:title\" content=\"Certification - NCCHWA - North Carolina Community Health Worker Association\" \/>\n<meta property=\"og:description\" content=\"CHW Certifications Thank you for your interest in becoming a Certified Community Health Worker (CCHW) through the North Carolina Community Health Worker Association (NCCHWA). About Community Health Worker Certification In March 2022, the NCCHWA began offering CHWs a path to professional certification through the completion of the Standardized Core Competency Training (SCCT) at several community&hellip;\" \/>\n<meta property=\"og:url\" content=\"https:\/\/ncchwa.org\/es\/services\/certification\/\" \/>\n<meta property=\"og:site_name\" content=\"NCCHWA - North Carolina Community Health Worker Association\" \/>\n<meta property=\"article:publisher\" content=\"https:\/\/www.facebook.com\/NCCHWA\" \/>\n<meta property=\"article:modified_time\" content=\"2026-04-15T15:12:05+00:00\" \/>\n<meta property=\"og:image\" content=\"https:\/\/ncchwa.org\/wp-content\/uploads\/2023\/09\/Group-2043.png\" \/>\n<meta name=\"twitter:card\" content=\"summary_large_image\" \/>\n<meta name=\"twitter:label1\" content=\"Tiempo de lectura\" \/>\n\t<meta name=\"twitter:data1\" content=\"5 minutos\" \/>\n<script type=\"application\/ld+json\" class=\"yoast-schema-graph\">{\"@context\":\"https:\\\/\\\/schema.org\",\"@graph\":[{\"@type\":\"WebPage\",\"@id\":\"https:\\\/\\\/ncchwa.org\\\/services\\\/certification\\\/\",\"url\":\"https:\\\/\\\/ncchwa.org\\\/services\\\/certification\\\/\",\"name\":\"Certification - NCCHWA - North Carolina Community Health Worker Association\",\"isPartOf\":{\"@id\":\"https:\\\/\\\/ncchwa.org\\\/#website\"},\"primaryImageOfPage\":{\"@id\":\"https:\\\/\\\/ncchwa.org\\\/services\\\/certification\\\/#primaryimage\"},\"image\":{\"@id\":\"https:\\\/\\\/ncchwa.org\\\/services\\\/certification\\\/#primaryimage\"},\"thumbnailUrl\":\"https:\\\/\\\/ncchwa.org\\\/wp-content\\\/uploads\\\/2023\\\/09\\\/Group-2043.png\",\"datePublished\":\"2023-07-18T04:41:56+00:00\",\"dateModified\":\"2026-04-15T15:12:05+00:00\",\"breadcrumb\":{\"@id\":\"https:\\\/\\\/ncchwa.org\\\/services\\\/certification\\\/#breadcrumb\"},\"inLanguage\":\"es\",\"potentialAction\":[{\"@type\":\"ReadAction\",\"target\":[\"https:\\\/\\\/ncchwa.org\\\/services\\\/certification\\\/\"]}]},{\"@type\":\"ImageObject\",\"inLanguage\":\"es\",\"@id\":\"https:\\\/\\\/ncchwa.org\\\/services\\\/certification\\\/#primaryimage\",\"url\":\"https:\\\/\\\/ncchwa.org\\\/wp-content\\\/uploads\\\/2023\\\/09\\\/Group-2043.png\",\"contentUrl\":\"https:\\\/\\\/ncchwa.org\\\/wp-content\\\/uploads\\\/2023\\\/09\\\/Group-2043.png\"},{\"@type\":\"BreadcrumbList\",\"@id\":\"https:\\\/\\\/ncchwa.org\\\/services\\\/certification\\\/#breadcrumb\",\"itemListElement\":[{\"@type\":\"ListItem\",\"position\":1,\"name\":\"Home\",\"item\":\"https:\\\/\\\/ncchwa.org\\\/\"},{\"@type\":\"ListItem\",\"position\":2,\"name\":\"Services\",\"item\":\"https:\\\/\\\/ncchwa.org\\\/services\\\/\"},{\"@type\":\"ListItem\",\"position\":3,\"name\":\"Certification\"}]},{\"@type\":\"WebSite\",\"@id\":\"https:\\\/\\\/ncchwa.org\\\/#website\",\"url\":\"https:\\\/\\\/ncchwa.org\\\/\",\"name\":\"NCCHWA - North Carolina Community Health Worker Association\",\"description\":\"Advancing Community Health Workers (CHWs)\",\"publisher\":{\"@id\":\"https:\\\/\\\/ncchwa.org\\\/#organization\"},\"potentialAction\":[{\"@type\":\"SearchAction\",\"target\":{\"@type\":\"EntryPoint\",\"urlTemplate\":\"https:\\\/\\\/ncchwa.org\\\/?s={search_term_string}\"},\"query-input\":{\"@type\":\"PropertyValueSpecification\",\"valueRequired\":true,\"valueName\":\"search_term_string\"}}],\"inLanguage\":\"es\"},{\"@type\":\"Organization\",\"@id\":\"https:\\\/\\\/ncchwa.org\\\/#organization\",\"name\":\"NCCHWA - North Carolina Community Health Worker Association\",\"url\":\"https:\\\/\\\/ncchwa.org\\\/\",\"logo\":{\"@type\":\"ImageObject\",\"inLanguage\":\"es\",\"@id\":\"https:\\\/\\\/ncchwa.org\\\/#\\\/schema\\\/logo\\\/image\\\/\",\"url\":\"https:\\\/\\\/ncchwa.org\\\/wp-content\\\/uploads\\\/2023\\\/07\\\/NCHWA-01.png\",\"contentUrl\":\"https:\\\/\\\/ncchwa.org\\\/wp-content\\\/uploads\\\/2023\\\/07\\\/NCHWA-01.png\",\"width\":3685,\"height\":1476,\"caption\":\"NCCHWA - North Carolina Community Health Worker Association\"},\"image\":{\"@id\":\"https:\\\/\\\/ncchwa.org\\\/#\\\/schema\\\/logo\\\/image\\\/\"},\"sameAs\":[\"https:\\\/\\\/www.facebook.com\\\/NCCHWA\"]}]}<\/script>\n<!-- \/ Yoast SEO plugin. -->","yoast_head_json":{"title":"Certification - NCCHWA - North Carolina Community Health Worker Association","robots":{"index":"index","follow":"follow","max-snippet":"max-snippet:-1","max-image-preview":"max-image-preview:large","max-video-preview":"max-video-preview:-1"},"canonical":"https:\/\/ncchwa.org\/es\/services\/certification\/","og_locale":"es_MX","og_type":"article","og_title":"Certification - NCCHWA - North Carolina Community Health Worker Association","og_description":"CHW Certifications Thank you for your interest in becoming a Certified Community Health Worker (CCHW) through the North Carolina Community Health Worker Association (NCCHWA). About Community Health Worker Certification In March 2022, the NCCHWA began offering CHWs a path to professional certification through the completion of the Standardized Core Competency Training (SCCT) at several community&hellip;","og_url":"https:\/\/ncchwa.org\/es\/services\/certification\/","og_site_name":"NCCHWA - North Carolina Community Health Worker Association","article_publisher":"https:\/\/www.facebook.com\/NCCHWA","article_modified_time":"2026-04-15T15:12:05+00:00","og_image":[{"url":"https:\/\/ncchwa.org\/wp-content\/uploads\/2023\/09\/Group-2043.png","type":"","width":"","height":""}],"twitter_card":"summary_large_image","twitter_misc":{"Tiempo de lectura":"5 minutos"},"schema":{"@context":"https:\/\/schema.org","@graph":[{"@type":"WebPage","@id":"https:\/\/ncchwa.org\/services\/certification\/","url":"https:\/\/ncchwa.org\/services\/certification\/","name":"Certification - NCCHWA - North Carolina Community Health Worker Association","isPartOf":{"@id":"https:\/\/ncchwa.org\/#website"},"primaryImageOfPage":{"@id":"https:\/\/ncchwa.org\/services\/certification\/#primaryimage"},"image":{"@id":"https:\/\/ncchwa.org\/services\/certification\/#primaryimage"},"thumbnailUrl":"https:\/\/ncchwa.org\/wp-content\/uploads\/2023\/09\/Group-2043.png","datePublished":"2023-07-18T04:41:56+00:00","dateModified":"2026-04-15T15:12:05+00:00","breadcrumb":{"@id":"https:\/\/ncchwa.org\/services\/certification\/#breadcrumb"},"inLanguage":"es","potentialAction":[{"@type":"ReadAction","target":["https:\/\/ncchwa.org\/services\/certification\/"]}]},{"@type":"ImageObject","inLanguage":"es","@id":"https:\/\/ncchwa.org\/services\/certification\/#primaryimage","url":"https:\/\/ncchwa.org\/wp-content\/uploads\/2023\/09\/Group-2043.png","contentUrl":"https:\/\/ncchwa.org\/wp-content\/uploads\/2023\/09\/Group-2043.png"},{"@type":"BreadcrumbList","@id":"https:\/\/ncchwa.org\/services\/certification\/#breadcrumb","itemListElement":[{"@type":"ListItem","position":1,"name":"Home","item":"https:\/\/ncchwa.org\/"},{"@type":"ListItem","position":2,"name":"Services","item":"https:\/\/ncchwa.org\/services\/"},{"@type":"ListItem","position":3,"name":"Certification"}]},{"@type":"WebSite","@id":"https:\/\/ncchwa.org\/#website","url":"https:\/\/ncchwa.org\/","name":"NCCHWA - North Carolina Community Health Worker Association","description":"Fomento de los trabajadores sanitarios comunitarios (TSC)","publisher":{"@id":"https:\/\/ncchwa.org\/#organization"},"potentialAction":[{"@type":"SearchAction","target":{"@type":"EntryPoint","urlTemplate":"https:\/\/ncchwa.org\/?s={search_term_string}"},"query-input":{"@type":"PropertyValueSpecification","valueRequired":true,"valueName":"search_term_string"}}],"inLanguage":"es"},{"@type":"Organization","@id":"https:\/\/ncchwa.org\/#organization","name":"NCCHWA - North Carolina Community Health Worker Association","url":"https:\/\/ncchwa.org\/","logo":{"@type":"ImageObject","inLanguage":"es","@id":"https:\/\/ncchwa.org\/#\/schema\/logo\/image\/","url":"https:\/\/ncchwa.org\/wp-content\/uploads\/2023\/07\/NCHWA-01.png","contentUrl":"https:\/\/ncchwa.org\/wp-content\/uploads\/2023\/07\/NCHWA-01.png","width":3685,"height":1476,"caption":"NCCHWA - North Carolina Community Health Worker Association"},"image":{"@id":"https:\/\/ncchwa.org\/#\/schema\/logo\/image\/"},"sameAs":["https:\/\/www.facebook.com\/NCCHWA"]}]}},"_links":{"self":[{"href":"https:\/\/ncchwa.org\/es\/wp-json\/wp\/v2\/pages\/3366","targetHints":{"allow":["GET"]}}],"collection":[{"href":"https:\/\/ncchwa.org\/es\/wp-json\/wp\/v2\/pages"}],"about":[{"href":"https:\/\/ncchwa.org\/es\/wp-json\/wp\/v2\/types\/page"}],"author":[{"embeddable":true,"href":"https:\/\/ncchwa.org\/es\/wp-json\/wp\/v2\/users\/3"}],"replies":[{"embeddable":true,"href":"https:\/\/ncchwa.org\/es\/wp-json\/wp\/v2\/comments?post=3366"}],"version-history":[{"count":0,"href":"https:\/\/ncchwa.org\/es\/wp-json\/wp\/v2\/pages\/3366\/revisions"}],"up":[{"embeddable":true,"href":"https:\/\/ncchwa.org\/es\/wp-json\/wp\/v2\/pages\/3364"}],"wp:attachment":[{"href":"https:\/\/ncchwa.org\/es\/wp-json\/wp\/v2\/media?parent=3366"}],"curies":[{"name":"wp","href":"https:\/\/api.w.org\/{rel}","templated":true}]}}