{"id":3354,"date":"2023-07-18T04:36:50","date_gmt":"2023-07-18T04:36:50","guid":{"rendered":"http:\/\/ncchwa.local\/?page_id=3354"},"modified":"2023-11-16T03:17:54","modified_gmt":"2023-11-16T03:17:54","slug":"our-partners","status":"publish","type":"page","link":"https:\/\/ncchwa.org\/es\/about\/our-partners\/","title":{"rendered":"Nuestros socios"},"content":{"rendered":"<h1>\r\n\t\tNuestros socios\r\n\t<\/h1>\r\n\t<p>Estamos orgullosos de unir nuestras manos con una diversa gama de organizaciones, cada una aportando fortalezas \u00fanicas para ayudarnos a lograr nuestra misi\u00f3n de promover los Promotores de Salud en Carolina del Norte.<\/p>\r\n\t\t\t\t<img loading=\"lazy\" decoding=\"async\" src=\"https:\/\/ncchwa.org\/wp-content\/uploads\/2023\/07\/Website-UNCP-1.png\" alt=\"Website UNCP 1\" itemprop=\"image\" height=\"95\" width=\"205\" title=\"Sitio web UNCP 1\" onerror=\"this.style.display='none'\"  \/>\r\n\t\t\t\t<img loading=\"lazy\" decoding=\"async\" src=\"https:\/\/ncchwa.org\/wp-content\/uploads\/2023\/07\/Website-pih-1.png\" alt=\"Website pih 1\" itemprop=\"image\" height=\"80\" width=\"161\" title=\"Sitio web pih 1\" onerror=\"this.style.display='none'\"  \/>\r\n\t\t\t\t<img loading=\"lazy\" decoding=\"async\" src=\"https:\/\/ncchwa.org\/wp-content\/uploads\/2023\/07\/Website-ncchca-logo-1.png\" alt=\"Website ncchca logo 1\" itemprop=\"image\" height=\"120\" width=\"148\" title=\"Sitio web ncchca logo 1\" onerror=\"this.style.display='none'\"  \/>\r\n\t\t\t\t<img loading=\"lazy\" decoding=\"async\" src=\"https:\/\/ncchwa.org\/wp-content\/uploads\/2023\/07\/Website-NCCCS-logo-1.png\" alt=\"Website NCCCS logo 1\" itemprop=\"image\" height=\"124\" width=\"200\" title=\"Sitio web Logotipo NCCCS 1\" onerror=\"this.style.display='none'\"  \/>\r\n\t\t\t\t<img loading=\"lazy\" decoding=\"async\" src=\"https:\/\/ncchwa.org\/wp-content\/uploads\/2023\/07\/Website-NCAHEC-1.png\" alt=\"Website NCAHEC 1\" itemprop=\"image\" height=\"107\" width=\"195\" title=\"P\u00e1gina web NCAHEC 1\" onerror=\"this.style.display='none'\"  \/>\r\n\t\t\t\t<img loading=\"lazy\" decoding=\"async\" src=\"https:\/\/ncchwa.org\/wp-content\/uploads\/2023\/07\/Website-CHASM-1.png\" alt=\"Website CHASM 1\" itemprop=\"image\" height=\"73\" width=\"187\" title=\"P\u00e1gina web CHASM 1\" onerror=\"this.style.display='none'\"  \/>\r\n\t\t\t\t<img loading=\"lazy\" decoding=\"async\" src=\"https:\/\/ncchwa.org\/wp-content\/uploads\/2023\/09\/NCDHHS-hor-RGB.png\" alt=\"NCDHHS-hor-RGB\" itemprop=\"image\" height=\"190\" width=\"500\" title=\"NCDHHS-hor-RGB\" onerror=\"this.style.display='none'\"  \/>\r\n<h2>\r\n\t\tH\u00e1gase socio\r\n\t<\/h2>\r\n\t<p>\u00bfEst\u00e1 interesado en asociarse con nosotros para abogar para los Promotores de salud en Carolina del Norte?<\/p>\r\n\t\t\t<a href=\"https:\/\/ncchwa.org\/es\/contact\/\" target=\"_self\" rel=\"noopener\">\r\n\t\t\t\t\t\t\tP\u00f3ngase en contacto con nosotros\r\n\t\t\t\t\t<\/a>","protected":false},"excerpt":{"rendered":"<p>Nuestros socios Estamos orgullosos de unir nuestras manos con una diversa gama de organizaciones, cada una aportando fortalezas \u00fanicas para ayudarnos a lograr nuestra misi\u00f3n de promover a los CHW en Carolina del Norte. Convi\u00e9rtase en socio \u00bfEst\u00e1 interesado en asociarse con nosotros para abogar por los Trabajadores Comunitarios de la Salud en Carolina del Norte? Cont\u00e1ctenos<\/p>","protected":false},"author":3,"featured_media":4035,"parent":3234,"menu_order":0,"comment_status":"closed","ping_status":"closed","template":"","meta":{"footnotes":""},"class_list":["post-3354","page","type-page","status-publish","has-post-thumbnail","hentry"],"yoast_head":"<!-- This site is optimized with the Yoast SEO plugin v27.4 - https:\/\/yoast.com\/product\/yoast-seo-wordpress\/ -->\n<title>Our Partners - NCCHWA - North Carolina Community Health Worker Association<\/title>\n<meta name=\"description\" content=\"We join hands with a diverse range of organizations in North Carolina to help us achieve our mission of advancing CHWs in North Carolina.\" \/>\n<meta name=\"robots\" content=\"index, follow, max-snippet:-1, max-image-preview:large, max-video-preview:-1\" \/>\n<link rel=\"canonical\" href=\"https:\/\/ncchwa.org\/es\/about\/our-partners\/\" \/>\n<meta property=\"og:locale\" content=\"es_MX\" \/>\n<meta property=\"og:type\" content=\"article\" \/>\n<meta property=\"og:title\" content=\"Our Partners - NCCHWA - North Carolina Community Health Worker Association\" \/>\n<meta property=\"og:description\" content=\"We join hands with a diverse range of organizations in North Carolina to help us achieve our mission of advancing CHWs in North Carolina.\" \/>\n<meta property=\"og:url\" content=\"https:\/\/ncchwa.org\/es\/about\/our-partners\/\" \/>\n<meta property=\"og:site_name\" content=\"NCCHWA - North Carolina Community Health Worker Association\" \/>\n<meta property=\"article:publisher\" content=\"https:\/\/www.facebook.com\/NCCHWA\" \/>\n<meta property=\"article:modified_time\" content=\"2023-11-16T03:17:54+00:00\" \/>\n<meta property=\"og:image\" content=\"https:\/\/ncchwa.org\/wp-content\/uploads\/2023\/11\/NCCHWA-2023-52_No-Logos.jpg\" \/>\n\t<meta property=\"og:image:width\" content=\"1800\" \/>\n\t<meta property=\"og:image:height\" content=\"1200\" \/>\n\t<meta property=\"og:image:type\" content=\"image\/jpeg\" \/>\n<meta name=\"twitter:card\" content=\"summary_large_image\" \/>\n<meta name=\"twitter:label1\" content=\"Tiempo de lectura\" \/>\n\t<meta name=\"twitter:data1\" content=\"2 minutos\" \/>\n<script type=\"application\/ld+json\" class=\"yoast-schema-graph\">{\"@context\":\"https:\\\/\\\/schema.org\",\"@graph\":[{\"@type\":\"WebPage\",\"@id\":\"https:\\\/\\\/ncchwa.org\\\/about\\\/our-partners\\\/\",\"url\":\"https:\\\/\\\/ncchwa.org\\\/about\\\/our-partners\\\/\",\"name\":\"Our Partners - NCCHWA - North Carolina Community Health Worker Association\",\"isPartOf\":{\"@id\":\"https:\\\/\\\/ncchwa.org\\\/#website\"},\"primaryImageOfPage\":{\"@id\":\"https:\\\/\\\/ncchwa.org\\\/about\\\/our-partners\\\/#primaryimage\"},\"image\":{\"@id\":\"https:\\\/\\\/ncchwa.org\\\/about\\\/our-partners\\\/#primaryimage\"},\"thumbnailUrl\":\"https:\\\/\\\/ncchwa.org\\\/wp-content\\\/uploads\\\/2023\\\/11\\\/NCCHWA-2023-52_No-Logos.jpg\",\"datePublished\":\"2023-07-18T04:36:50+00:00\",\"dateModified\":\"2023-11-16T03:17:54+00:00\",\"description\":\"We join hands with a diverse range of organizations in North Carolina to help us achieve our mission of advancing CHWs in North Carolina.\",\"breadcrumb\":{\"@id\":\"https:\\\/\\\/ncchwa.org\\\/about\\\/our-partners\\\/#breadcrumb\"},\"inLanguage\":\"es\",\"potentialAction\":[{\"@type\":\"ReadAction\",\"target\":[\"https:\\\/\\\/ncchwa.org\\\/about\\\/our-partners\\\/\"]}]},{\"@type\":\"ImageObject\",\"inLanguage\":\"es\",\"@id\":\"https:\\\/\\\/ncchwa.org\\\/about\\\/our-partners\\\/#primaryimage\",\"url\":\"https:\\\/\\\/ncchwa.org\\\/wp-content\\\/uploads\\\/2023\\\/11\\\/NCCHWA-2023-52_No-Logos.jpg\",\"contentUrl\":\"https:\\\/\\\/ncchwa.org\\\/wp-content\\\/uploads\\\/2023\\\/11\\\/NCCHWA-2023-52_No-Logos.jpg\",\"width\":1800,\"height\":1200},{\"@type\":\"BreadcrumbList\",\"@id\":\"https:\\\/\\\/ncchwa.org\\\/about\\\/our-partners\\\/#breadcrumb\",\"itemListElement\":[{\"@type\":\"ListItem\",\"position\":1,\"name\":\"Home\",\"item\":\"https:\\\/\\\/ncchwa.org\\\/\"},{\"@type\":\"ListItem\",\"position\":2,\"name\":\"About\",\"item\":\"https:\\\/\\\/ncchwa.org\\\/about\\\/\"},{\"@type\":\"ListItem\",\"position\":3,\"name\":\"Our Partners\"}]},{\"@type\":\"WebSite\",\"@id\":\"https:\\\/\\\/ncchwa.org\\\/#website\",\"url\":\"https:\\\/\\\/ncchwa.org\\\/\",\"name\":\"NCCHWA - North Carolina Community Health Worker Association\",\"description\":\"Advancing Community Health Workers (CHWs)\",\"publisher\":{\"@id\":\"https:\\\/\\\/ncchwa.org\\\/#organization\"},\"potentialAction\":[{\"@type\":\"SearchAction\",\"target\":{\"@type\":\"EntryPoint\",\"urlTemplate\":\"https:\\\/\\\/ncchwa.org\\\/?s={search_term_string}\"},\"query-input\":{\"@type\":\"PropertyValueSpecification\",\"valueRequired\":true,\"valueName\":\"search_term_string\"}}],\"inLanguage\":\"es\"},{\"@type\":\"Organization\",\"@id\":\"https:\\\/\\\/ncchwa.org\\\/#organization\",\"name\":\"NCCHWA - North Carolina Community Health Worker Association\",\"url\":\"https:\\\/\\\/ncchwa.org\\\/\",\"logo\":{\"@type\":\"ImageObject\",\"inLanguage\":\"es\",\"@id\":\"https:\\\/\\\/ncchwa.org\\\/#\\\/schema\\\/logo\\\/image\\\/\",\"url\":\"https:\\\/\\\/ncchwa.org\\\/wp-content\\\/uploads\\\/2023\\\/07\\\/NCHWA-01.png\",\"contentUrl\":\"https:\\\/\\\/ncchwa.org\\\/wp-content\\\/uploads\\\/2023\\\/07\\\/NCHWA-01.png\",\"width\":3685,\"height\":1476,\"caption\":\"NCCHWA - North Carolina Community Health Worker Association\"},\"image\":{\"@id\":\"https:\\\/\\\/ncchwa.org\\\/#\\\/schema\\\/logo\\\/image\\\/\"},\"sameAs\":[\"https:\\\/\\\/www.facebook.com\\\/NCCHWA\"]}]}<\/script>\n<!-- \/ Yoast SEO plugin. -->","yoast_head_json":{"title":"Our Partners - NCCHWA - North Carolina Community Health Worker Association","description":"We join hands with a diverse range of organizations in North Carolina to help us achieve our mission of advancing CHWs in North Carolina.","robots":{"index":"index","follow":"follow","max-snippet":"max-snippet:-1","max-image-preview":"max-image-preview:large","max-video-preview":"max-video-preview:-1"},"canonical":"https:\/\/ncchwa.org\/es\/about\/our-partners\/","og_locale":"es_MX","og_type":"article","og_title":"Our Partners - NCCHWA - North Carolina Community Health Worker Association","og_description":"We join hands with a diverse range of organizations in North Carolina to help us achieve our mission of advancing CHWs in North Carolina.","og_url":"https:\/\/ncchwa.org\/es\/about\/our-partners\/","og_site_name":"NCCHWA - North Carolina Community Health Worker Association","article_publisher":"https:\/\/www.facebook.com\/NCCHWA","article_modified_time":"2023-11-16T03:17:54+00:00","og_image":[{"width":1800,"height":1200,"url":"https:\/\/ncchwa.org\/wp-content\/uploads\/2023\/11\/NCCHWA-2023-52_No-Logos.jpg","type":"image\/jpeg"}],"twitter_card":"summary_large_image","twitter_misc":{"Tiempo de lectura":"2 minutos"},"schema":{"@context":"https:\/\/schema.org","@graph":[{"@type":"WebPage","@id":"https:\/\/ncchwa.org\/about\/our-partners\/","url":"https:\/\/ncchwa.org\/about\/our-partners\/","name":"Our Partners - NCCHWA - North Carolina Community Health Worker Association","isPartOf":{"@id":"https:\/\/ncchwa.org\/#website"},"primaryImageOfPage":{"@id":"https:\/\/ncchwa.org\/about\/our-partners\/#primaryimage"},"image":{"@id":"https:\/\/ncchwa.org\/about\/our-partners\/#primaryimage"},"thumbnailUrl":"https:\/\/ncchwa.org\/wp-content\/uploads\/2023\/11\/NCCHWA-2023-52_No-Logos.jpg","datePublished":"2023-07-18T04:36:50+00:00","dateModified":"2023-11-16T03:17:54+00:00","description":"We join hands with a diverse range of organizations in North Carolina to help us achieve our mission of advancing CHWs in North Carolina.","breadcrumb":{"@id":"https:\/\/ncchwa.org\/about\/our-partners\/#breadcrumb"},"inLanguage":"es","potentialAction":[{"@type":"ReadAction","target":["https:\/\/ncchwa.org\/about\/our-partners\/"]}]},{"@type":"ImageObject","inLanguage":"es","@id":"https:\/\/ncchwa.org\/about\/our-partners\/#primaryimage","url":"https:\/\/ncchwa.org\/wp-content\/uploads\/2023\/11\/NCCHWA-2023-52_No-Logos.jpg","contentUrl":"https:\/\/ncchwa.org\/wp-content\/uploads\/2023\/11\/NCCHWA-2023-52_No-Logos.jpg","width":1800,"height":1200},{"@type":"BreadcrumbList","@id":"https:\/\/ncchwa.org\/about\/our-partners\/#breadcrumb","itemListElement":[{"@type":"ListItem","position":1,"name":"Home","item":"https:\/\/ncchwa.org\/"},{"@type":"ListItem","position":2,"name":"About","item":"https:\/\/ncchwa.org\/about\/"},{"@type":"ListItem","position":3,"name":"Our Partners"}]},{"@type":"WebSite","@id":"https:\/\/ncchwa.org\/#website","url":"https:\/\/ncchwa.org\/","name":"NCCHWA - North Carolina Community Health Worker Association","description":"Fomento de los trabajadores sanitarios comunitarios (TSC)","publisher":{"@id":"https:\/\/ncchwa.org\/#organization"},"potentialAction":[{"@type":"SearchAction","target":{"@type":"EntryPoint","urlTemplate":"https:\/\/ncchwa.org\/?s={search_term_string}"},"query-input":{"@type":"PropertyValueSpecification","valueRequired":true,"valueName":"search_term_string"}}],"inLanguage":"es"},{"@type":"Organization","@id":"https:\/\/ncchwa.org\/#organization","name":"NCCHWA - North Carolina Community Health Worker Association","url":"https:\/\/ncchwa.org\/","logo":{"@type":"ImageObject","inLanguage":"es","@id":"https:\/\/ncchwa.org\/#\/schema\/logo\/image\/","url":"https:\/\/ncchwa.org\/wp-content\/uploads\/2023\/07\/NCHWA-01.png","contentUrl":"https:\/\/ncchwa.org\/wp-content\/uploads\/2023\/07\/NCHWA-01.png","width":3685,"height":1476,"caption":"NCCHWA - North Carolina Community Health Worker Association"},"image":{"@id":"https:\/\/ncchwa.org\/#\/schema\/logo\/image\/"},"sameAs":["https:\/\/www.facebook.com\/NCCHWA"]}]}},"_links":{"self":[{"href":"https:\/\/ncchwa.org\/es\/wp-json\/wp\/v2\/pages\/3354","targetHints":{"allow":["GET"]}}],"collection":[{"href":"https:\/\/ncchwa.org\/es\/wp-json\/wp\/v2\/pages"}],"about":[{"href":"https:\/\/ncchwa.org\/es\/wp-json\/wp\/v2\/types\/page"}],"author":[{"embeddable":true,"href":"https:\/\/ncchwa.org\/es\/wp-json\/wp\/v2\/users\/3"}],"replies":[{"embeddable":true,"href":"https:\/\/ncchwa.org\/es\/wp-json\/wp\/v2\/comments?post=3354"}],"version-history":[{"count":0,"href":"https:\/\/ncchwa.org\/es\/wp-json\/wp\/v2\/pages\/3354\/revisions"}],"up":[{"embeddable":true,"href":"https:\/\/ncchwa.org\/es\/wp-json\/wp\/v2\/pages\/3234"}],"wp:featuredmedia":[{"embeddable":true,"href":"https:\/\/ncchwa.org\/es\/wp-json\/wp\/v2\/media\/4035"}],"wp:attachment":[{"href":"https:\/\/ncchwa.org\/es\/wp-json\/wp\/v2\/media?parent=3354"}],"curies":[{"name":"wp","href":"https:\/\/api.w.org\/{rel}","templated":true}]}}